{"id":48,"date":"2022-06-06T05:54:07","date_gmt":"2022-06-06T05:54:07","guid":{"rendered":"http:\/\/shmt-presheva.com\/?page_id=48"},"modified":"2025-09-01T08:00:25","modified_gmt":"2025-09-01T08:00:25","slug":"home","status":"publish","type":"page","link":"https:\/\/shmt-presheva.com\/sr\/","title":{"rendered":"Home"},"content":{"rendered":"<div data-elementor-type=\"wp-page\" data-elementor-id=\"48\" class=\"elementor elementor-48\">\n\t\t\t\t\t\t<section class=\"elementor-section elementor-top-section elementor-element elementor-element-d58d133 elementor-section-boxed elementor-section-height-default elementor-section-height-default\" data-id=\"d58d133\" data-element_type=\"section\" data-e-type=\"section\">\n\t\t\t\t\t\t<div class=\"elementor-container elementor-column-gap-default\">\n\t\t\t\t\t<div class=\"elementor-column elementor-col-100 elementor-top-column elementor-element elementor-element-31a6c87\" data-id=\"31a6c87\" data-element_type=\"column\" data-e-type=\"column\">\n\t\t\t<div class=\"elementor-widget-wrap\">\n\t\t\t\t\t\t\t<\/div>\n\t\t<\/div>\n\t\t\t\t\t<\/div>\n\t\t<\/section>\n\t\t\t\t<section class=\"elementor-section elementor-top-section elementor-element elementor-element-f57f35a elementor-section-boxed elementor-section-height-default elementor-section-height-default\" data-id=\"f57f35a\" data-element_type=\"section\" data-e-type=\"section\">\n\t\t\t\t\t\t<div class=\"elementor-container elementor-column-gap-default\">\n\t\t\t\t\t<div class=\"elementor-column elementor-col-100 elementor-top-column elementor-element elementor-element-9baebc9\" data-id=\"9baebc9\" data-element_type=\"column\" data-e-type=\"column\">\n\t\t\t<div class=\"elementor-widget-wrap\">\n\t\t\t\t\t\t\t<\/div>\n\t\t<\/div>\n\t\t\t\t\t<\/div>\n\t\t<\/section>\n\t\t\t\t<section class=\"elementor-section elementor-top-section elementor-element elementor-element-891fb50 elementor-section-boxed elementor-section-height-default elementor-section-height-default\" data-id=\"891fb50\" data-element_type=\"section\" data-e-type=\"section\">\n\t\t\t\t\t\t<div class=\"elementor-container elementor-column-gap-default\">\n\t\t\t\t\t<div class=\"elementor-column elementor-col-100 elementor-top-column elementor-element elementor-element-9a49775\" data-id=\"9a49775\" data-element_type=\"column\" data-e-type=\"column\">\n\t\t\t<div class=\"elementor-widget-wrap\">\n\t\t\t\t\t\t\t<\/div>\n\t\t<\/div>\n\t\t\t\t\t<\/div>\n\t\t<\/section>\n\t\t\t\t<section class=\"elementor-section elementor-top-section elementor-element elementor-element-6fb425a elementor-section-boxed elementor-section-height-default elementor-section-height-default\" data-id=\"6fb425a\" data-element_type=\"section\" data-e-type=\"section\">\n\t\t\t\t\t\t<div class=\"elementor-container elementor-column-gap-default\">\n\t\t\t\t\t<div class=\"elementor-column elementor-col-100 elementor-top-column elementor-element elementor-element-b1d725f\" data-id=\"b1d725f\" data-element_type=\"column\" data-e-type=\"column\">\n\t\t\t<div class=\"elementor-widget-wrap elementor-element-populated\">\n\t\t\t\t\t\t<div class=\"elementor-element elementor-element-4a9a290 elementor-widget elementor-widget-edubin-latest-post\" data-id=\"4a9a290\" data-element_type=\"widget\" data-e-type=\"widget\" data-widget_type=\"edubin-latest-post.default\">\n\t\t\t\t<div class=\"elementor-widget-container\">\n\t\t\t\t\t<div class=\"edubin-row tpc_g_30 edubin-latest-news layout-3\"><div class=\"edubin-col-lg-6\"><div data-sal><div class=\"single-news edu-blog news-big\"  data-sal><div class=\"news-thum thum-single\"><a href=\"https:\/\/shmt-presheva.com\/sr\/l-a-j-m-e-r-i-m-provimet-me-korespodence-afati-i-prillit-2025-2026\/\"><img fetchpriority=\"high\" decoding=\"async\" width=\"442\" height=\"328\" src=\"https:\/\/shmt-presheva.com\/wp-content\/uploads\/2023\/11\/IT-Foto.jpg\" class=\"attachment-large size-large wp-post-image\" alt=\"\" srcset=\"https:\/\/shmt-presheva.com\/wp-content\/uploads\/2023\/11\/IT-Foto.jpg 442w, https:\/\/shmt-presheva.com\/wp-content\/uploads\/2023\/11\/IT-Foto-300x223.jpg 300w, https:\/\/shmt-presheva.com\/wp-content\/uploads\/2023\/11\/IT-Foto-16x12.jpg 16w\" sizes=\"(max-width: 442px) 100vw, 442px\" \/><\/a><\/div><div class=\"content-thumb\"><div class=\"edubin-news-meta\"><ul class=\"blog-meta\"><li class=\"byline list-inline-item\"><i class=\"flaticon-user\"><\/i><span class=\"author vcard\"><a class=\"url fn n\" href=\"https:\/\/shmt-presheva.com\/sr\/author\/shmt-presheva\/\">ST\u0160 Pre\u0161evo<\/a><\/li><\/span><li class=\"meta-blog-cat\"><i class=\"flaticon-folder\"><\/i><a href=\"https:\/\/shmt-presheva.com\/sr\/category\/uncategorized\/lajmerimet\/\">Lajm\u00ebrimet<\/a><\/li><li><i class=\"flaticon-calendar\"><\/i>April 8, 2026<\/li><\/ul><\/div><a href=\"https:\/\/shmt-presheva.com\/sr\/l-a-j-m-e-r-i-m-provimet-me-korespodence-afati-i-prillit-2025-2026\/\"><h3 class=\"news-title\">O B A V E \u0160 T E NJ E: Vanredno polaganje - aprilski rok<\/h3><\/a><\/div><div class=\"news-cont\"><p class=\"content\"><\/p><\/div><\/div><\/div><\/div><div class=\"edubin-col-lg-6\"><div class=\"edubin-row\"><div data-sal><div class=\"edubin-col-lg-12\"><div class=\"single-news news-list\"  data-sal><div class=\"blog-list-img\"><div class=\"news-thum thum-list overlay-layout-3\"><a href=\"https:\/\/shmt-presheva.com\/sr\/lajmerim-mbledhja-e-keshillit-te-arsimtareve-14\/\"><img decoding=\"async\" width=\"1200\" height=\"1600\" src=\"https:\/\/shmt-presheva.com\/wp-content\/uploads\/2026\/03\/Bekim-Kurtishi-foto-1-1.jpg-1.jpg\" class=\"attachment-full size-full wp-post-image\" alt=\"\" srcset=\"https:\/\/shmt-presheva.com\/wp-content\/uploads\/2026\/03\/Bekim-Kurtishi-foto-1-1.jpg-1.jpg 1200w, https:\/\/shmt-presheva.com\/wp-content\/uploads\/2026\/03\/Bekim-Kurtishi-foto-1-1.jpg-1-225x300.jpg 225w, https:\/\/shmt-presheva.com\/wp-content\/uploads\/2026\/03\/Bekim-Kurtishi-foto-1-1.jpg-1-768x1024.jpg 768w, https:\/\/shmt-presheva.com\/wp-content\/uploads\/2026\/03\/Bekim-Kurtishi-foto-1-1.jpg-1-1152x1536.jpg 1152w, https:\/\/shmt-presheva.com\/wp-content\/uploads\/2026\/03\/Bekim-Kurtishi-foto-1-1.jpg-1-9x12.jpg 9w, https:\/\/shmt-presheva.com\/wp-content\/uploads\/2026\/03\/Bekim-Kurtishi-foto-1-1.jpg-1-600x800.jpg 600w\" sizes=\"(max-width: 1200px) 100vw, 1200px\" \/><\/a><\/div><\/div><div class=\"blog-list-content\"><div class=\"news-cont\"><ul class=\"blog-meta\"><li class=\"byline list-inline-item\"><i class=\"flaticon-user\"><\/i><span class=\"author vcard\"><a class=\"url fn n\" href=\"https:\/\/shmt-presheva.com\/sr\/author\/shmt-presheva\/\">ST\u0160 Pre\u0161evo<\/a><\/li><\/span><li class=\"meta-blog-cat\"><i class=\"flaticon-folder\"><\/i><a href=\"https:\/\/shmt-presheva.com\/sr\/category\/uncategorized\/lajmerimet\/\">Lajm\u00ebrimet<\/a><\/li><\/ul><a href=\"https:\/\/shmt-presheva.com\/sr\/lajmerim-mbledhja-e-keshillit-te-arsimtareve-14\/\"><h3 class=\"news-title news-list-title\">OBAVE\u0160TENJE:  Posebna sednica Nastavni\u010dkog ve\u010da<\/h3><\/a><\/div><\/div><\/div><\/div><\/div><div data-sal><div class=\"edubin-col-lg-12\"><div class=\"single-news news-list\"  data-sal><div class=\"blog-list-img\"><div class=\"news-thum thum-list overlay-layout-3\"><a href=\"https:\/\/shmt-presheva.com\/sr\/lajmerim-pushimi-pranveror-2\/\"><img decoding=\"async\" width=\"248\" height=\"245\" src=\"https:\/\/shmt-presheva.com\/wp-content\/uploads\/2023\/02\/cropped-shmt-logo-2.jpg\" class=\"attachment-full size-full wp-post-image\" alt=\"\" srcset=\"https:\/\/shmt-presheva.com\/wp-content\/uploads\/2023\/02\/cropped-shmt-logo-2.jpg 248w, https:\/\/shmt-presheva.com\/wp-content\/uploads\/2023\/02\/cropped-shmt-logo-2-12x12.jpg 12w, https:\/\/shmt-presheva.com\/wp-content\/uploads\/2023\/02\/cropped-shmt-logo-2-100x100.jpg 100w\" sizes=\"(max-width: 248px) 100vw, 248px\" \/><\/a><\/div><\/div><div class=\"blog-list-content\"><div class=\"news-cont\"><ul class=\"blog-meta\"><li class=\"byline list-inline-item\"><i class=\"flaticon-user\"><\/i><span class=\"author vcard\"><a class=\"url fn n\" href=\"https:\/\/shmt-presheva.com\/sr\/author\/shmt-presheva\/\">ST\u0160 Pre\u0161evo<\/a><\/li><\/span><li class=\"meta-blog-cat\"><i class=\"flaticon-folder\"><\/i><a href=\"https:\/\/shmt-presheva.com\/sr\/category\/uncategorized\/lajmerimet\/\">Lajm\u00ebrimet<\/a><\/li><\/ul><a href=\"https:\/\/shmt-presheva.com\/sr\/lajmerim-pushimi-pranveror-2\/\"><h3 class=\"news-title news-list-title\">O B A V E \u0160 T E NJ E: Prole\u0107ni raspust<\/h3><\/a><\/div><\/div><\/div><\/div><\/div><div data-sal><div class=\"edubin-col-lg-12\"><div class=\"single-news news-list\"  data-sal><div class=\"blog-list-img\"><div class=\"news-thum thum-list overlay-layout-3\"><a href=\"https:\/\/shmt-presheva.com\/sr\/orari-i-mesimit-nga-data-30-03-2026-te-vitit-shkollor-2025-26\/\"><img loading=\"lazy\" decoding=\"async\" width=\"952\" height=\"666\" src=\"https:\/\/shmt-presheva.com\/wp-content\/uploads\/2022\/09\/Orari-i-shkolles-foto-sq.jpg\" class=\"attachment-full size-full wp-post-image\" alt=\"\" srcset=\"https:\/\/shmt-presheva.com\/wp-content\/uploads\/2022\/09\/Orari-i-shkolles-foto-sq.jpg 952w, https:\/\/shmt-presheva.com\/wp-content\/uploads\/2022\/09\/Orari-i-shkolles-foto-sq-300x210.jpg 300w, https:\/\/shmt-presheva.com\/wp-content\/uploads\/2022\/09\/Orari-i-shkolles-foto-sq-768x537.jpg 768w, https:\/\/shmt-presheva.com\/wp-content\/uploads\/2022\/09\/Orari-i-shkolles-foto-sq-18x12.jpg 18w, https:\/\/shmt-presheva.com\/wp-content\/uploads\/2022\/09\/Orari-i-shkolles-foto-sq-600x420.jpg 600w\" sizes=\"(max-width: 952px) 100vw, 952px\" \/><\/a><\/div><\/div><div class=\"blog-list-content\"><div class=\"news-cont\"><ul class=\"blog-meta\"><li class=\"byline list-inline-item\"><i class=\"flaticon-user\"><\/i><span class=\"author vcard\"><a class=\"url fn n\" href=\"https:\/\/shmt-presheva.com\/sr\/author\/shmt-presheva\/\">ST\u0160 Pre\u0161evo<\/a><\/li><\/span><li class=\"meta-blog-cat\"><i class=\"flaticon-folder\"><\/i><a href=\"https:\/\/shmt-presheva.com\/sr\/category\/orari\/\">Orari<\/a><\/li><\/ul><a href=\"https:\/\/shmt-presheva.com\/sr\/orari-i-mesimit-nga-data-30-03-2026-te-vitit-shkollor-2025-26\/\"><h3 class=\"news-title news-list-title\">Raspored \u010dasova od 30.03.2026. za \u0161kolsku 2025-26. god.<\/h3><\/a><\/div><\/div><\/div><\/div><\/div><\/div><\/div><\/div>\t\t\t\t<\/div>\n\t\t\t\t<\/div>\n\t\t\t\t\t<\/div>\n\t\t<\/div>\n\t\t\t\t\t<\/div>\n\t\t<\/section>\n\t\t\t\t<\/div>","protected":false},"excerpt":{"rendered":"<p>23 August 2025 SHMT Presheva Orari i m\u00ebsimit nga data 01.09.2025 t\u00eb vitit shkollor 2025-26 Nd\u00ebrrimi i&nbsp;paradit\u00ebs Nd\u00ebrrimi i&nbsp;pasdit\u00ebs 19&#8230;<\/p>","protected":false},"author":1,"featured_media":0,"parent":0,"menu_order":0,"comment_status":"closed","ping_status":"closed","template":"","meta":{"om_disable_all_campaigns":false,"_monsterinsights_skip_tracking":false,"_monsterinsights_sitenote_active":false,"_monsterinsights_sitenote_note":"","_monsterinsights_sitenote_category":0,"footnotes":""},"class_list":["post-48","page","type-page","status-publish","hentry"],"_links":{"self":[{"href":"https:\/\/shmt-presheva.com\/sr\/wp-json\/wp\/v2\/pages\/48","targetHints":{"allow":["GET"]}}],"collection":[{"href":"https:\/\/shmt-presheva.com\/sr\/wp-json\/wp\/v2\/pages"}],"about":[{"href":"https:\/\/shmt-presheva.com\/sr\/wp-json\/wp\/v2\/types\/page"}],"author":[{"embeddable":true,"href":"https:\/\/shmt-presheva.com\/sr\/wp-json\/wp\/v2\/users\/1"}],"replies":[{"embeddable":true,"href":"https:\/\/shmt-presheva.com\/sr\/wp-json\/wp\/v2\/comments?post=48"}],"version-history":[{"count":37,"href":"https:\/\/shmt-presheva.com\/sr\/wp-json\/wp\/v2\/pages\/48\/revisions"}],"predecessor-version":[{"id":1476,"href":"https:\/\/shmt-presheva.com\/sr\/wp-json\/wp\/v2\/pages\/48\/revisions\/1476"}],"wp:attachment":[{"href":"https:\/\/shmt-presheva.com\/sr\/wp-json\/wp\/v2\/media?parent=48"}],"curies":[{"name":"wp","href":"https:\/\/api.w.org\/{rel}","templated":true}]}}